{"id":2171,"date":"2020-08-29T15:26:03","date_gmt":"2020-08-29T13:26:03","guid":{"rendered":"http:\/\/grancy-coaching.com\/fr\/?post_type=product&#038;p=2171"},"modified":"2024-07-19T14:19:25","modified_gmt":"2024-07-19T12:19:25","slug":"one-time-team-coaching-session","status":"publish","type":"product","link":"https:\/\/grancy-coaching.com\/fr\/product\/one-time-team-coaching-session\/","title":{"rendered":"S\u00e9ance d\u00e9couverte coaching d&#8217;\u00e9quipe"},"content":{"rendered":"<p>Le\/la leader d&#8217;\u00e9quipe et moi aurons une conversation de 30 minutes \u00e0 propos de ce dont l&#8217;\u00e9quipe a besoin dans ses circonstances actuelles.<\/p>\n<p>En fonction de ce que nous aurons discut\u00e9, j&#8217;\u00e9laborerai une strat\u00e9gie pour coacher votre \u00e9quipe pendant trois heures sur la th\u00e9matique demand\u00e9e.<\/p>\n<p>Vous aurez alors une exp\u00e9rience directe et verrez si et de quelle fa\u00e7on votre \u00e9quipe a pu b\u00e9n\u00e9ficier de l&#8217;intervention . Cela vous permettra de faire le point, et si vous estimez que le coaching apporte des pistes et r\u00e9ponses int\u00e9ressantes et valables \u00e0 vos d\u00e9fis, de passer ainsi \u00e0 un processus de coaching d&#8217;\u00e9quipe personnalis\u00e9 que nous pourrons ensuite \u00e9laborer ensemble dans votre contexte.<\/p>\n<p>Axes de travail possibles: confiance, engagement, responsabilit\u00e9, autonomie, changement, communication, \u00e9motions, valeurs, travail d&#8217;\u00e9quipe, feedback constructif, r\u00f4les dans l&#8217;\u00e9quipe, diversit\u00e9, comp\u00e9tences interpersonnelles &#8230;<\/p>\n<p>Comprend : Appel de pr\u00e9paration de 30 minutes avec le\/la chef d&#8217;\u00e9quipe pour pr\u00e9parer l&#8217;intervention + 3 heures avec votre \u00e9quipe (si local, pr\u00e9sentiel de pr\u00e9f\u00e9rence sur votre lieu de travail, mais \u00e9galement possible sur un syst\u00e8me de type Zoom).<\/p>\n<p>(suppl\u00e9ment pour les destinations situ\u00e9es \u00e0 plus de 30 km de 1117 Grancy)<\/p>\n","protected":false},"excerpt":{"rendered":"<p>Lancez-vous et donnez \u00e0 votre \u00e9quipe l&#8217;opportunit\u00e9 d&#8217;\u00eatre accompagn\u00e9e sur une th\u00e9matique urgente \u00e0 laquelle vous \u00eates confront\u00e9s! Faites l&#8217;exp\u00e9rience du coaching d&#8217;\u00e9quipe, et profitez-en pour voir si je suis la bonne personne pour un processus de coaching d&#8217;\u00e9quipe sur mesure et personnalisable pour votre \u00e9quipe.<\/p>\n<p>&nbsp;<\/p>\n<p>.<\/p>\n","protected":false},"featured_media":1838,"comment_status":"closed","ping_status":"closed","template":"","meta":{"_et_pb_use_builder":"off","_et_pb_old_content":"","_et_gb_content_width":""},"product_cat":[32],"product_tag":[41,165,78,43,99,96,27,112,58,268,102,97,111,107,267,74,109,82,226,265,105,63,62,61,60,59,100,114,238,239,108,241,242,264,106,81,266,75,45,85,101,236,243,244,77,76,87,86,79,103,89,110,269,98,72,73,49,113,125,47],"_links":{"self":[{"href":"https:\/\/grancy-coaching.com\/fr\/wp-json\/wp\/v2\/product\/2171"}],"collection":[{"href":"https:\/\/grancy-coaching.com\/fr\/wp-json\/wp\/v2\/product"}],"about":[{"href":"https:\/\/grancy-coaching.com\/fr\/wp-json\/wp\/v2\/types\/product"}],"replies":[{"embeddable":true,"href":"https:\/\/grancy-coaching.com\/fr\/wp-json\/wp\/v2\/comments?post=2171"}],"wp:featuredmedia":[{"embeddable":true,"href":"https:\/\/grancy-coaching.com\/fr\/wp-json\/wp\/v2\/media\/1838"}],"wp:attachment":[{"href":"https:\/\/grancy-coaching.com\/fr\/wp-json\/wp\/v2\/media?parent=2171"}],"wp:term":[{"taxonomy":"product_cat","embeddable":true,"href":"https:\/\/grancy-coaching.com\/fr\/wp-json\/wp\/v2\/product_cat?post=2171"},{"taxonomy":"product_tag","embeddable":true,"href":"https:\/\/grancy-coaching.com\/fr\/wp-json\/wp\/v2\/product_tag?post=2171"}],"curies":[{"name":"wp","href":"https:\/\/api.w.org\/{rel}","templated":true}]}}