{"id":1627,"date":"2020-06-22T11:10:58","date_gmt":"2020-06-22T09:10:58","guid":{"rendered":"http:\/\/grancy-coaching.com\/fr\/?page_id=1627"},"modified":"2025-11-01T11:39:40","modified_gmt":"2025-11-01T10:39:40","slug":"home","status":"publish","type":"page","link":"https:\/\/grancy-coaching.com\/fr\/","title":{"rendered":"Grancy Coaching ~ Lorraine Berthoud"},"content":{"rendered":"<p>[et_pb_section fb_built=&#8221;1&#8243; _builder_version=&#8221;4.4.8&#8243; background_image=&#8221;https:\/\/grancy-coaching.com\/fr\/wp-content\/uploads\/sites\/3\/2020\/06\/home-bg-4.png&#8221; custom_padding=&#8221;32px||40px|||&#8221; custom_css_main_element=&#8221;background-position: top right;&#8221;][et_pb_row column_structure=&#8221;2_3,1_3&#8243; _builder_version=&#8221;4.4.8&#8243; custom_margin=&#8221;|auto|-11px|auto||&#8221; custom_padding=&#8221;31px||12px|||&#8221;][et_pb_column type=&#8221;2_3&#8243; _builder_version=&#8221;4.4.8&#8243;][et_pb_text content_tablet=&#8221;&#8221; content_phone=&#8221;<\/p>\n<h2><span style=%22color: #ffffff;%22>Mobilisez les tr\u00e9sors de ressources qui existent en vous pour vous approcher efficacement de vos objectifs et maximiser votre impact<\/span><\/h2>\n<p>&#8221; content_last_edited=&#8221;on|phone&#8221; disabled_on=&#8221;off|off|off&#8221; _builder_version=&#8221;4.9.7&#8243; header_font=&#8221;Playfair Display||||||||&#8221; header_text_color=&#8221;#FFFFFF&#8221; header_font_size=&#8221;41px&#8221; header_line_height=&#8221;1.4em&#8221; header_text_shadow_style=&#8221;preset4&#8243; header_text_shadow_color=&#8221;#000000&#8243;]<\/p>\n<h1>Mobilisez les<span>\u00a0<span style=\"color: #b58742;\">tr\u00e9sors de ressources<\/span><\/span><span>\u00a0<\/span>qui existent en vous pour vous approcher efficacement de vos objectifs et maximiser votre impact<\/h1>\n<p>[\/et_pb_text][\/et_pb_column][et_pb_column type=&#8221;1_3&#8243; _builder_version=&#8221;4.4.8&#8243;][\/et_pb_column][\/et_pb_row][\/et_pb_section][et_pb_section fb_built=&#8221;1&#8243; _builder_version=&#8221;4.4.8&#8243; min_height=&#8221;290px&#8221; custom_margin=&#8221;32px|||||&#8221; custom_padding=&#8221;25px||0px|||&#8221;][et_pb_row _builder_version=&#8221;4.4.8&#8243; custom_padding=&#8221;0px|||||&#8221;][et_pb_column type=&#8221;4_4&#8243; _builder_version=&#8221;4.4.8&#8243;][et_pb_text _builder_version=&#8221;4.9.7&#8243; header_2_font=&#8221;Playfair Display||||||||&#8221; header_2_text_color=&#8221;#000000&#8243; header_2_font_size=&#8221;38px&#8221;]<\/p>\n<h2 style=\"text-align: center;\">D\u00e9couvrez les p\u00e9pites d&#8217;or en vous ou dans votre \u00e9quipe<\/h2>\n<p>[\/et_pb_text][et_pb_text _builder_version=&#8221;4.4.8&#8243; text_font=&#8221;Montserrat|300|||||||&#8221; text_font_size=&#8221;20px&#8221;]<\/p>\n<p style=\"text-align: center;\"><span>J&#8217;aide des \u00e9quipes et des particuliers \u00e0 devenir plus adaptables, efficaces et r\u00e9silients en sollicitant leurs ressources int\u00e9rieures et en valorisant leurs sp\u00e9cificit\u00e9s et leurs forces.<\/span><\/p>\n<p>[\/et_pb_text][\/et_pb_column][\/et_pb_row][et_pb_row column_structure=&#8221;1_2,1_2&#8243; _builder_version=&#8221;4.4.8&#8243; min_height=&#8221;77px&#8221;][et_pb_column type=&#8221;1_2&#8243; _builder_version=&#8221;4.4.8&#8243;][et_pb_button button_url=&#8221;@ET-DC@eyJkeW5hbWljIjp0cnVlLCJjb250ZW50IjoicG9zdF9saW5rX3VybF9wYWdlIiwic2V0dGluZ3MiOnsicG9zdF9pZCI6IjI3MzcifX0=@&#8221; button_text=&#8221;COACHING POUR PARTICULIERS ET LEADERS&#8221; button_alignment=&#8221;center&#8221; _builder_version=&#8221;4.9.7&#8243; _dynamic_attributes=&#8221;button_url&#8221; custom_button=&#8221;on&#8221; button_text_color=&#8221;#ffffff&#8221; button_bg_color=&#8221;#b58743&#8243;][\/et_pb_button][\/et_pb_column][et_pb_column type=&#8221;1_2&#8243; _builder_version=&#8221;4.5.3&#8243; _module_preset=&#8221;default&#8221;][et_pb_button button_url=&#8221;@ET-DC@eyJkeW5hbWljIjp0cnVlLCJjb250ZW50IjoicG9zdF9saW5rX3VybF9wYWdlIiwic2V0dGluZ3MiOnsicG9zdF9pZCI6IjI3OTgifX0=@&#8221; button_text=&#8221;COACHING DE GROUPES ET D&#8217;EQUIPES&#8221; button_alignment=&#8221;center&#8221; _builder_version=&#8221;4.9.7&#8243; _dynamic_attributes=&#8221;button_url&#8221; custom_button=&#8221;on&#8221; button_text_size=&#8221;20px&#8221; button_text_color=&#8221;#ffffff&#8221; button_bg_color=&#8221;#b58743&#8243; button_border_width=&#8221;2px&#8221; button_border_radius=&#8221;3px&#8221; button_letter_spacing=&#8221;0px&#8221; custom_margin=&#8221;||||false|false&#8221; custom_padding=&#8221;|58px||58px|false|false&#8221;][\/et_pb_button][\/et_pb_column][\/et_pb_row][\/et_pb_section][et_pb_section fb_built=&#8221;1&#8243; _builder_version=&#8221;4.4.8&#8243; custom_padding=&#8221;||3px|||&#8221;][et_pb_row column_structure=&#8221;1_2,1_2&#8243; _builder_version=&#8221;4.4.8&#8243; min_height=&#8221;587px&#8221; custom_padding=&#8221;0px||0px|||&#8221;][et_pb_column type=&#8221;1_2&#8243; _builder_version=&#8221;4.4.8&#8243;][et_pb_image src=&#8221;https:\/\/grancy-coaching.com\/fr\/wp-content\/uploads\/sites\/3\/2024\/07\/Lorraine-Berthoud.png&#8221; title_text=&#8221;Lorraine Berthoud&#8221; _builder_version=&#8221;4.9.7&#8243; width=&#8221;100%&#8221; box_shadow_style=&#8221;preset4&#8243; box_shadow_horizontal=&#8221;17px&#8221; box_shadow_vertical=&#8221;17px&#8221; box_shadow_color=&#8221;#ede7dd&#8221;][\/et_pb_image][\/et_pb_column][et_pb_column type=&#8221;1_2&#8243; _builder_version=&#8221;4.4.8&#8243;][et_pb_text _builder_version=&#8221;4.6.5&#8243; header_2_text_color=&#8221;#000000&#8243; header_2_font_size=&#8221;38px&#8221; header_3_text_color=&#8221;#c58a11&#8243; custom_margin=&#8221;||16px|||&#8221;]<\/p>\n<h2>Lorraine Berthoud<\/h2>\n<h3><a href=\"https:\/\/coachfederation.org\/why-icf\" target=\"_blank\" rel=\"noopener\">Coach Professionnelle Certifi\u00e9e par l&#8217;ICF<\/a><\/h3>\n<p>[\/et_pb_text][et_pb_text _builder_version=&#8221;4.4.8&#8243; text_font=&#8221;Montserrat|300|||||||&#8221; text_font_size=&#8221;19px&#8221;]<\/p>\n<p>En tant que formatrice et enseignante depuis plus de 20 ans, guider et animer des \u00e9quipes et des dynamiques de groupe est devenu une seconde nature.<\/p>\n<p>En tant que coach, soutenir des dirigeants, des \u00e9quipes et des groupes ainsi que favoriser l&#8217;\u00e9mergence de l&#8217; intelligence personnelle\/collective est dans mon ADN.<\/p>\n<p>Quel que soit le contexte, mon exp\u00e9rience professionnelle et mon exp\u00e9rience de vie interculturelle me permettent de m&#8217;adapter rapidement pour vous aider \u00e0 d\u00e9couvrir les &#8220;p\u00e9pites d&#8217;or&#8221; en vous ou dans vos \u00e9quipes.<\/p>\n<p>[\/et_pb_text][et_pb_button button_url=&#8221;@ET-DC@eyJkeW5hbWljIjp0cnVlLCJjb250ZW50IjoicG9zdF9saW5rX3VybF9wYWdlIiwic2V0dGluZ3MiOnsicG9zdF9pZCI6IjI3MTkifX0=@&#8221; button_text=&#8221;En savoir plus&#8221; _builder_version=&#8221;4.9.7&#8243; _dynamic_attributes=&#8221;button_url&#8221; custom_button=&#8221;on&#8221; button_text_size=&#8221;15px&#8221;][\/et_pb_button][\/et_pb_column][\/et_pb_row][\/et_pb_section][et_pb_section fb_built=&#8221;1&#8243; _builder_version=&#8221;4.4.8&#8243; background_enable_color=&#8221;off&#8221; min_height=&#8221;63.5px&#8221; custom_margin=&#8221;||-1px|||&#8221; custom_padding=&#8221;18px||1px|||&#8221;][et_pb_row _builder_version=&#8221;4.4.8&#8243; min_height=&#8221;46.5px&#8221;][et_pb_column type=&#8221;4_4&#8243; _builder_version=&#8221;4.4.8&#8243;][et_pb_text _builder_version=&#8221;4.4.8&#8243; header_2_font_size=&#8221;32px&#8221;]<\/p>\n<h2 style=\"text-align: center;\">Travaillez avec moi quand vous&#8230;<\/h2>\n<p>[\/et_pb_text][\/et_pb_column][\/et_pb_row][\/et_pb_section][et_pb_section fb_built=&#8221;1&#8243; _builder_version=&#8221;4.4.8&#8243; background_color=&#8221;rgba(0,0,0,0)&#8221; background_enable_image=&#8221;off&#8221; custom_padding=&#8221;0px|||||&#8221; top_divider_height=&#8221;31px&#8221; top_divider_flip=&#8221;vertical&#8221; custom_css_main_element=&#8221;background-repeat: repeat;||background-size: initial;&#8221;][et_pb_row column_structure=&#8221;1_2,1_2&#8243; _builder_version=&#8221;4.4.8&#8243;][et_pb_column type=&#8221;1_2&#8243; _builder_version=&#8221;4.4.8&#8243;][et_pb_text _builder_version=&#8221;4.4.8&#8243; text_font=&#8221;|300|||||||&#8221;]<\/p>\n<h2><b>Aspirez \u00e0 promouvoir :<\/b><\/h2>\n<p><b><\/b><\/p>\n<ul>\n<li>Une culture organisationnelle bas\u00e9e sur le respect et align\u00e9e sur les valeurs<\/li>\n<li>La durabilit\u00e9, tant pour les \u00eatres humains que pour la production<\/li>\n<li>La connexion (avec soi-m\u00eame et avec les autres) et la communaut\u00e9<\/li>\n<li>Le fait de travailler avec passion<\/li>\n<li>La valorisation de la diversit\u00e9 et de l&#8217;unicit\u00e9 de la contribution de chaque membre de l&#8217;\u00e9quipe<\/li>\n<\/ul>\n<p>[\/et_pb_text][\/et_pb_column][et_pb_column type=&#8221;1_2&#8243; _builder_version=&#8221;4.4.8&#8243;][et_pb_text _builder_version=&#8221;4.4.8&#8243; text_font=&#8221;|300|||||||&#8221;]<\/p>\n<h2><b>Cherchez des moyens de : <\/b><\/h2>\n<ul>\n<li>Passer de l&#8217;immobilisme \u00e0 des interactions plus constructives et \u00e0 l&#8217;efficacit\u00e9 pour atteindre vos objectifs<\/li>\n<li>Promouvoir une culture organisationnelle o\u00f9 la confiance, l&#8217;engagement et les r\u00e9sultats marchent main dans la main<\/li>\n<li>Am\u00e9liorer la communication<\/li>\n<li>Rendre les relations plus constructives<\/li>\n<li>Mobiliser et maximiser les potentiels et les impacts<\/li>\n<li>Accro\u00eetre l&#8217;adaptabilit\u00e9 et la r\u00e9silience<\/li>\n<li>Cr\u00e9er un espace\/temps s\u00e9curis\u00e9 d&#8217;auto-observation, de conscientisation, d&#8217;analyse, de curiosit\u00e9 et d&#8217;exploration cr\u00e9ative, permettant ainsi \u00e0 vous\/votre \u00e9quipe de faire des choix qui servent mieux votre\/leur mission, vision et objectif<\/li>\n<\/ul>\n<p>[\/et_pb_text][\/et_pb_column][\/et_pb_row][\/et_pb_section][et_pb_section fb_built=&#8221;1&#8243; _builder_version=&#8221;4.4.8&#8243; background_enable_color=&#8221;off&#8221; background_image=&#8221;https:\/\/grancy-coaching.com\/fr\/wp-content\/uploads\/sites\/3\/2020\/06\/egg-shell.png&#8221; custom_margin=&#8221;1px|||||&#8221; custom_padding=&#8221;8px|||||&#8221; custom_css_main_element=&#8221;background-repeat: repeat;||background-size: initial;&#8221;][et_pb_row _builder_version=&#8221;4.4.8&#8243;][et_pb_column type=&#8221;4_4&#8243; _builder_version=&#8221;4.4.8&#8243;][et_pb_image src=&#8221;https:\/\/grancy-coaching.com\/fr\/wp-content\/uploads\/sites\/3\/2020\/06\/quote1.png&#8221; title_text=&#8221;quote1&#8243; align=&#8221;center&#8221; _builder_version=&#8221;4.4.8&#8243;][\/et_pb_image][et_pb_text _builder_version=&#8221;4.6.0&#8243; text_font=&#8221;Playfair Display||on||||||&#8221; text_font_size=&#8221;21px&#8221; header_3_font=&#8221;||on||||||&#8221;]<\/p>\n<p style=\"text-align: center;\"><span>Honn\u00eatement, je ne croyais pas beaucoup au coaching, mais l&#8217;alchimie \u00e9tait incroyable et j&#8217;ai \u00e9t\u00e9 tr\u00e8s surpris de la rapidit\u00e9 avec laquelle Lorraine a su s&#8217;adapter et comprendre ma fa\u00e7on de penser et mes valeurs personnelles. Elle m&#8217;a marqu\u00e9 et m&#8217;a aid\u00e9 \u00e0 mieux me comprendre et \u00e0 mieux comprendre le monde, en traduisant quelque chose de peut-\u00eatre n\u00e9gatif ou neutre en quelque chose de positif.<\/span><\/p>\n<p>[\/et_pb_text][et_pb_text _builder_version=&#8221;4.6.0&#8243;]<\/p>\n<p style=\"text-align: center;\">Baris Ekici<br \/><span>Directeur chez Eaton, Allemagne<\/span><\/p>\n<p>[\/et_pb_text][\/et_pb_column][\/et_pb_row][et_pb_row _builder_version=&#8221;4.9.7&#8243; _module_preset=&#8221;default&#8221; global_module=&#8221;2976&#8243; saved_tabs=&#8221;all&#8221;][et_pb_column type=&#8221;4_4&#8243; _builder_version=&#8221;4.9.7&#8243; _module_preset=&#8221;default&#8221;][et_pb_text _builder_version=&#8221;4.9.7&#8243; _module_preset=&#8221;default&#8221;]<\/p>\n<h1 style=\"text-align: center;\">FAQ<\/h1>\n<p>[\/et_pb_text][et_pb_accordion _builder_version=&#8221;4.9.7&#8243; _module_preset=&#8221;default&#8221; toggle_level=&#8221;h3&#8243; body_font=&#8221;|300|||||||&#8221;][et_pb_accordion_item title=&#8221;Qu\u2019est-ce que le coaching ?&#8221; _builder_version=&#8221;4.9.7&#8243; _module_preset=&#8221;default&#8221; body_font=&#8221;|300|||||||&#8221; toggle_level=&#8221;h3&#8243; open=&#8221;on&#8221;]<\/p>\n<p>C&#8217;est un processus cr\u00e9atif et stimulant \u00e9labor\u00e9 en collaboration avec votre coach pour catalyser votre r\u00e9alisation de vos objectifs. Un processus merveilleux construit \u00e0 partir d\u2019un lieu s\u00fbr, la relation coach-coach\u00e9 (personne coach\u00e9e). Un processus qui vous permet d&#8217;atteindre des niveaux \u00e9lev\u00e9s de conscience et vous fournit des apprentissages en continu \u00e0 propos de vos croyances et vos fonctionnements. C&#8217;est vous mettre en mouvement vers ce que vous avez toujours r\u00eav\u00e9 de r\u00e9aliser, vers un lieu o\u00f9 vous reconnaissez vos capacit\u00e9s et vos ressources, et d\u00e9couvrez la possibilit\u00e9 de les utiliser dans tous les aspects de votre vie. Un processus qui vous ram\u00e8ne \u00e0 votre essence, l\u00e0 o\u00f9 se trouvent votre grand moteur, votre mission et votre motivation.<\/p>\n<p>[\/et_pb_accordion_item][et_pb_accordion_item title=&#8221;Qu&#8217;est-ce que le coaching n&#8217;est pas ?&#8221; _builder_version=&#8221;4.9.7&#8243; _module_preset=&#8221;default&#8221; open=&#8221;off&#8221;]<\/p>\n<p>Ce n&#8217;est pas du conseil ni du consulting. Je ne vous dirai pas ce que vous devez faire.<br \/>En prenant du recul, vous saurez mieux que quiconque ce dont vous avez besoin. Je serai l\u00e0 pour alimenter votre r\u00e9flexion par des questions, pour soutenir votre exploration et pour mettre en lumi\u00e8re vos ressources afin que vous les mobilisiez vers l&#8217;impact que vous souhaitez avoir.<br \/>Il ne s&#8217;agit pas d&#8217;une th\u00e9rapie. Bien qu\u2019il puisse nous arriver d\u2019\u00e9voquer le pass\u00e9 pour \u00e9clairer le pr\u00e9sent, nous ne creuserons pas ce pass\u00e9 et l&#8217;intention n\u2019est pas de gu\u00e9rir qui que ce soit.<\/p>\n<p>[\/et_pb_accordion_item][et_pb_accordion_item title=&#8221;Comment le coaching se passe-t-il?&#8221; _builder_version=&#8221;4.9.7&#8243; _module_preset=&#8221;default&#8221; open=&#8221;off&#8221;]<\/p>\n<p>Au travers de s\u00e9ances conversationnelles (virtuelles\/pr\u00e9sentielles) au cours desquelles, selon vos besoins et \u00e0 travers des questions percutantes, nous r\u00e9fl\u00e9chirons \u00e0 vos aspirations, \u00e0 votre vision\/(perception) du monde, et \u00e0 votre r\u00e9alit\u00e9. Vous prendrez conscience de ce qui est en jeu dans votre situation, puis vous (re-) trouverez votre pouvoir de d\u00e9cision\/choix et d\u00e9couvrirez de nouvelles pistes d&#8217;actions, pour cr\u00e9er et vivre une r\u00e9alit\u00e9 diff\u00e9rente. Nous construirons votre processus autour de cette exploration et de ses b\u00e9n\u00e9fices.<br \/>Une grande partie de votre travail et de votre processus se d\u00e9roulera entre les s\u00e9ances : lorsque vous agirez \u00e0 partir des nouvelles perspectives que vous aurez acquises au cours des s\u00e9ances, et lorsque vous construirez de nouvelles exp\u00e9riences et interactions, pour ancrer vos d\u00e9couvertes. <\/p>\n<p>[\/et_pb_accordion_item][et_pb_accordion_item title=&#8221;O\u00f9 les s\u00e9ances pr\u00e9sentielles ont-elles lieu ?&#8221; _builder_version=&#8221;4.9.7&#8243; _module_preset=&#8221;default&#8221; open=&#8221;off&#8221;]<\/p>\n<p>\u00c0 La ruelle 7, 1117 Grancy, Switzerland. <a href=\"https:\/\/grancy-coaching.com\/fr\/wp-content\/uploads\/sites\/3\/2021\/09\/photo-coaching-lounge-min-scaled.jpg\" target=\"_blank\" rel=\"noopener\">Voir la photo<\/a><\/p>\n<p>[\/et_pb_accordion_item][et_pb_accordion_item title=&#8221;Tout le monde peut-il \u00eatre coach\u00e9?&#8221; _builder_version=&#8221;4.9.7&#8243; _module_preset=&#8221;default&#8221; open=&#8221;off&#8221;]<\/p>\n<p>Pour tirer un b\u00e9n\u00e9fice du coaching, vous devez \u00eatre pr\u00eat \u00e0 r\u00e9fl\u00e9chir et ouverts au changement, ou tout simplement conscients que vous \u00eates\/vous sentez bloqu\u00e9s.<\/p>\n<p>[\/et_pb_accordion_item][et_pb_accordion_item title=&#8221;Les r\u00e9sultats sont-ils garantis? &#8221; _builder_version=&#8221;4.9.7&#8243; _module_preset=&#8221;default&#8221; open=&#8221;off&#8221;]<\/p>\n<p>Le r\u00e9sultat de votre processus d\u00e9pendra de ce que vous y mettrez. Le processus commence dans le cadre s\u00e9curis\u00e9 de l&#8217;alliance entre le coach et la personne coach\u00e9e. C&#8217;est \u00e0 vous ensuite qu&#8217;il incombe de passer \u00e0 l&#8217;action. Vous \u00ab rendrez des comptes \u00bb \u00e0 vous-m\u00eame et \u00e0 votre coach \u00e0 propos des \u00e9tapes que vous avez d\u00e9cid\u00e9 de franchir. Si des freins vous emp\u00eachent d&#8217;avancer, nous les examinerons et tenterons de les surmonter, mais les d\u00e9cisions vous appartiendront toujours. Pour atteindre vos objectifs, vous devrez mettre en action votre volont\u00e9 et votre conviction\/v\u00e9rit\u00e9, et je peux vous garantir que votre exploration pratique vous conduira vers plus d&#8217;assertivit\u00e9 et de d\u00e9termination.<\/p>\n<p>[\/et_pb_accordion_item][et_pb_accordion_item title=&#8221;Quels outils de coaching seront utilis\u00e9s dans le processus de coaching?&#8221; _builder_version=&#8221;4.9.7&#8243; _module_preset=&#8221;default&#8221; open=&#8221;off&#8221;]<\/p>\n<p>L&#8217;approche g\u00e9n\u00e9rique est le coaching Co-actif, dans lequel les clients sont consid\u00e9r\u00e9s comme entiers\/complets, et ont juste besoin de soutien pour acc\u00e9der \u00e0 leurs propres ressources. Une vari\u00e9t\u00e9 d&#8217;approches seront int\u00e9gr\u00e9es dans les processus, selon les situations (Le Leadership Circle, la Logique des \u00c9motions (Emotional Logic), les Facteurs de Motivation (Motivation Factor), &#8230;) Mais le principal outil du coach est lui-m\u00eame&#8230; sa pr\u00e9sence intentionnelle et ses comp\u00e9tences pour int\u00e9grer toutes les ressources \u00e0 son actif \u00e0 votre service.<\/p>\n<p>[\/et_pb_accordion_item][et_pb_accordion_item title=&#8221;Qu\u2019est-ce qu\u2019un coach ICF accr\u00e9dit\u00e9? &#8221; open=&#8221;off&#8221; _builder_version=&#8221;4.9.7&#8243; _module_preset=&#8221;default&#8221;]<\/p>\n<p>Beaucoup de gens se disent coach ou disent qu\u2019ils font du coaching, mais tous ne font pas r\u00e9f\u00e9rence \u00e0 la m\u00eame chose. L&#8217;International Coaching Federation (ICF) est la premi\u00e8re organisation mondiale qui se consacre \u00e0 la promotion de la profession de coach en fixant des normes \u00e9lev\u00e9es, en fournissant une certification ind\u00e9pendante et en cr\u00e9ant un r\u00e9seau mondial de professionnels form\u00e9s au coaching. Un coach certifi\u00e9 ICF s&#8217;est donc qualifi\u00e9 en respectant des normes professionnelles strictes. Les titres\/qualifications de l&#8217;ICF sont obtenus par le biais d&#8217;une formation et d&#8217;examens \u00e9prouv\u00e9s, et ils ne sont renouvel\u00e9s qu&#8217;au moyen de cr\u00e9dits de formations continues approuv\u00e9es par l&#8217;ICF, afin de garantir que les coachs ne cessent jamais d\u2019apprendre et d\u2019\u00e9largir leur approche.<\/p>\n<p>[\/et_pb_accordion_item][et_pb_accordion_item title=&#8221;Et si je n\u2019ai pas les moyens pour me faire accompagner par Grancy Coaching ?&#8221; _builder_version=&#8221;4.9.7&#8243; _module_preset=&#8221;default&#8221; open=&#8221;off&#8221;]<\/p>\n<p>Sentez-vous libre de prendre contact avec moi, et nous verrons si nous pouvons trouver ensemble une solution.<\/p>\n<p>[\/et_pb_accordion_item][\/et_pb_accordion][\/et_pb_column][\/et_pb_row][\/et_pb_section][et_pb_section fb_built=&#8221;1&#8243; _builder_version=&#8221;4.4.8&#8243; background_color=&#8221;#b58742&#8243; min_height=&#8221;220px&#8221; custom_margin=&#8221;-58px|||||&#8221; global_module=&#8221;1926&#8243; saved_tabs=&#8221;all&#8221;][et_pb_row column_structure=&#8221;1_6,1_6,1_6,1_6,1_6,1_6&#8243; _builder_version=&#8221;4.9.7&#8243; width=&#8221;76%&#8221; max_width=&#8221;1805px&#8221;][et_pb_column type=&#8221;1_6&#8243; _builder_version=&#8221;4.4.8&#8243;][et_pb_image src=&#8221;https:\/\/grancy-coaching.com\/fr\/wp-content\/uploads\/sites\/3\/2022\/01\/ICF_Member.png&#8221; title_text=&#8221;ICF_Member&#8221; url=&#8221;https:\/\/www.coachfederation.ch\/fr.html&#8221; url_new_window=&#8221;on&#8221; align=&#8221;center&#8221; _builder_version=&#8221;4.9.7&#8243; width=&#8221;56.9%&#8221; width_tablet=&#8221;&#8221; width_phone=&#8221;70px&#8221; width_last_edited=&#8221;on|phone&#8221; module_alignment=&#8221;center&#8221; max_height=&#8221;1000px&#8221; custom_margin=&#8221;|30px||||&#8221; custom_padding=&#8221;|0px|2px|||&#8221; hover_enabled=&#8221;0&#8243; sticky_enabled=&#8221;0&#8243;][\/et_pb_image][\/et_pb_column][et_pb_column type=&#8221;1_6&#8243; _builder_version=&#8221;4.9.7&#8243; _module_preset=&#8221;default&#8221;][et_pb_image src=&#8221;https:\/\/grancy-coaching.com\/fr\/wp-content\/uploads\/sites\/3\/2025\/11\/ICF-Team-Coaching.png&#8221; alt=&#8221;Lorraine Berthoud ICF Team Coach&#8221; title_text=&#8221;ICF Team Coaching&#8221; _builder_version=&#8221;4.9.7&#8243; _module_preset=&#8221;default&#8221; width=&#8221;61%&#8221; hover_enabled=&#8221;0&#8243; sticky_enabled=&#8221;0&#8243;][\/et_pb_image][\/et_pb_column][et_pb_column type=&#8221;1_6&#8243; _builder_version=&#8221;4.4.8&#8243;][et_pb_image src=&#8221;https:\/\/grancy-coaching.com\/fr\/wp-content\/uploads\/sites\/3\/2022\/01\/PCC.png&#8221; title_text=&#8221;PCC&#8221; url=&#8221;https:\/\/www.coachfederation.ch\/fr\/accreditation\/accreditation-icf-informations-generales\/accreditation-individuelle-pcc.html&#8221; url_new_window=&#8221;on&#8221; _builder_version=&#8221;4.9.7&#8243; width=&#8221;62.4%&#8221; width_tablet=&#8221;&#8221; width_phone=&#8221;24.7%&#8221; width_last_edited=&#8221;on|phone&#8221; hover_enabled=&#8221;0&#8243; module_alignment_tablet=&#8221;&#8221; module_alignment_phone=&#8221;center&#8221; module_alignment_last_edited=&#8221;on|phone&#8221; sticky_enabled=&#8221;0&#8243;][\/et_pb_image][\/et_pb_column][et_pb_column type=&#8221;1_6&#8243; _builder_version=&#8221;4.4.8&#8243;][et_pb_image src=&#8221;https:\/\/grancy-coaching.com\/fr\/wp-content\/uploads\/sites\/3\/2022\/01\/Coaching-Hall.jpg&#8221; title_text=&#8221;Coaching Hall&#8221; url=&#8221;https:\/\/www.coachinghallinternational.com\/&#8221; url_new_window=&#8221;on&#8221; align=&#8221;center&#8221; _builder_version=&#8221;4.9.7&#8243; transform_translate=&#8221;0px|8px&#8221; width_tablet=&#8221;&#8221; width_phone=&#8221;44%&#8221; width_last_edited=&#8221;on|phone&#8221; max_height=&#8221;100px&#8221; hover_enabled=&#8221;0&#8243; module_alignment_tablet=&#8221;&#8221; module_alignment_phone=&#8221;center&#8221; module_alignment_last_edited=&#8221;on|phone&#8221; sticky_enabled=&#8221;0&#8243;][\/et_pb_image][\/et_pb_column][et_pb_column type=&#8221;1_6&#8243; _builder_version=&#8221;4.9.7&#8243; _module_preset=&#8221;default&#8221;][et_pb_image src=&#8221;https:\/\/grancy-coaching.com\/fr\/wp-content\/uploads\/sites\/3\/2024\/07\/MF_PRACTITIONER_POS-1.png&#8221; title_text=&#8221;MF_PRACTITIONER_POS (1)&#8221; _builder_version=&#8221;4.9.7&#8243; _module_preset=&#8221;default&#8221; width_tablet=&#8221;&#8221; width_phone=&#8221;55%&#8221; width_last_edited=&#8221;on|phone&#8221; hover_enabled=&#8221;0&#8243; module_alignment_tablet=&#8221;&#8221; module_alignment_phone=&#8221;center&#8221; module_alignment_last_edited=&#8221;on|phone&#8221; sticky_enabled=&#8221;0&#8243;][\/et_pb_image][\/et_pb_column][et_pb_column type=&#8221;1_6&#8243; _builder_version=&#8221;4.9.7&#8243; _module_preset=&#8221;default&#8221;][et_pb_image src=&#8221;https:\/\/grancy-coaching.com\/fr\/wp-content\/uploads\/sites\/3\/2020\/06\/white-logo-3.png&#8221; title_text=&#8221;white-logo-3&#8243; url=&#8221;https:\/\/leadershipcircle.com\/en\/home\/&#8221; url_new_window=&#8221;on&#8221; align=&#8221;center&#8221; force_fullwidth=&#8221;on&#8221; disabled_on=&#8221;on|off|off&#8221; _builder_version=&#8221;4.9.7&#8243; transform_scale=&#8221;127%|127%&#8221; transform_translate=&#8221;16px|18px&#8221; max_height=&#8221;100px&#8221; hover_enabled=&#8221;0&#8243; sticky_enabled=&#8221;0&#8243;][\/et_pb_image][\/et_pb_column][\/et_pb_row][\/et_pb_section]<\/p>\n","protected":false},"excerpt":{"rendered":"<p>Mobilisez les\u00a0tr\u00e9sors de ressources\u00a0qui existent en vous pour vous approcher efficacement de vos objectifs et maximiser votre impactD\u00e9couvrez les p\u00e9pites d&#8217;or en vous ou dans votre \u00e9quipeJ&#8217;aide des \u00e9quipes et des particuliers \u00e0 devenir plus adaptables, efficaces et r\u00e9silients en sollicitant leurs ressources int\u00e9rieures et en valorisant leurs sp\u00e9cificit\u00e9s et leurs forces.Lorraine Berthoud Coach Professionnelle [&hellip;]<\/p>\n","protected":false},"author":3,"featured_media":0,"parent":0,"menu_order":0,"comment_status":"closed","ping_status":"closed","template":"","meta":{"_et_pb_use_builder":"on","_et_pb_old_content":"","_et_gb_content_width":"","footnotes":""},"_links":{"self":[{"href":"https:\/\/grancy-coaching.com\/fr\/wp-json\/wp\/v2\/pages\/1627"}],"collection":[{"href":"https:\/\/grancy-coaching.com\/fr\/wp-json\/wp\/v2\/pages"}],"about":[{"href":"https:\/\/grancy-coaching.com\/fr\/wp-json\/wp\/v2\/types\/page"}],"author":[{"embeddable":true,"href":"https:\/\/grancy-coaching.com\/fr\/wp-json\/wp\/v2\/users\/3"}],"replies":[{"embeddable":true,"href":"https:\/\/grancy-coaching.com\/fr\/wp-json\/wp\/v2\/comments?post=1627"}],"version-history":[{"count":68,"href":"https:\/\/grancy-coaching.com\/fr\/wp-json\/wp\/v2\/pages\/1627\/revisions"}],"predecessor-version":[{"id":3300,"href":"https:\/\/grancy-coaching.com\/fr\/wp-json\/wp\/v2\/pages\/1627\/revisions\/3300"}],"wp:attachment":[{"href":"https:\/\/grancy-coaching.com\/fr\/wp-json\/wp\/v2\/media?parent=1627"}],"curies":[{"name":"wp","href":"https:\/\/api.w.org\/{rel}","templated":true}]}}